{"id":244,"date":"2018-04-01T17:19:23","date_gmt":"2018-04-01T17:19:23","guid":{"rendered":"http:\/\/riviera.web38.neutech.fi\/?page_id=244"},"modified":"2022-04-20T19:46:20","modified_gmt":"2022-04-20T16:46:20","slug":"ravintola","status":"publish","type":"page","link":"https:\/\/www.riviera.fi\/?page_id=244","title":{"rendered":"Tarinamme"},"content":{"rendered":"<p>Tarinamme<\/p>\n<p>Tervetuloa Pizzeria Rivieraan!<\/p>\n<p>1980-luvulta j\u00e4i paljon hyv\u00e4\u00e4<\/p>\n<p>Pizzeria Rivierassa Hallikadulla, Keskuspuiston laidalla paistuivat ensimm\u00e4iset pizzat italialaisen Pepen reseptien mukaan 5.6.1980.\u00a0Tuohon aikaan pizzerioita oli koko maassa vain muutamia, ja Raumalaisten onneksi Pepe perheineen p\u00e4\u00e4tyi Vaasan ja Jyv\u00e4skyl\u00e4n kautta l\u00e4nsirannikolle ostamaan tovin Maggiore nimell\u00e4 toimineen ravintolan. Nimi vaihtui Rivieraksi ja Pepen herkulliset pizzat ja italialainen temperamentti valloittivat Raumalaiset v\u00e4litt\u00f6m\u00e4sti!<br \/>\nKev\u00e4\u00e4ll\u00e4 1998 Pepe p\u00e4\u00e4tti myyd\u00e4 jo maankuulun Rivieran. Siit\u00e4 l\u00e4htien Rivieran menestyksest\u00e4 on vastannut Katia loistavan henkil\u00f6kuntansa kanssa. Vuosien varrella perheen kaksi lasta ja aviomies ovat my\u00f6s toimineet mukana yrityksess\u00e4. Kovalla ty\u00f6ll\u00e4, huolella alkuper\u00e4isi\u00e4 reseptej\u00e4 vaalien on Rivieran maine kasvanut vuosien varrella entisest\u00e4\u00e4n. Monen mielest\u00e4 Rivieran pizzan veroista ei muualta saa!<\/p>\n<p>Alkuper\u00e4isi\u00e4 reseptej\u00e4<\/p>\n<p>Rivieraan tullaan p\u00e4\u00e4asiassa pizzalle, ja valikoima onkin vuosien varrella kasvanut melkoiseksi. Uusia pizzoja kehitell\u00e4\u00e4n, trendej\u00e4 seurataan ja otetaan harkiten listalle. Vegaanitkin saavat herkutella Rivieran pizzalla. T\u00e4rkeint\u00e4 on kuitenkin vaalia alkuper\u00e4isi\u00e4 reseptej\u00e4 ja s\u00e4ilytt\u00e4\u00e4 esimerkiksi kaikkien aikojen suosituimman Bussola-pizzan maku juuri sellaisena, kuin lukuisat kanta-asiakkaat yli nelj\u00e4nkymmenen vuoden takaa muistavat.<br \/>\nMy\u00f6s monien himoitsema kirpe\u00e4, ruokahalun her\u00e4tt\u00e4v\u00e4 alkusalaatti tehd\u00e4\u00e4n huolella alkuper\u00e4isell\u00e4 reseptill\u00e4, mik\u00e4 onkin itse leivotun pizzataikinan ohella tarkoin varjeltu salaisuus.<\/p>\n<p>Perusteellinen remontti<\/p>\n<p>Riviera on toiminut samoissa tiloissa koko historiansa ajan. Syksyll\u00e4 2014 tehtiin taloyhti\u00f6n remontin yhteydess\u00e4 perusteellinen remontti. Kaikki sis\u00e4sein\u00e4t purettiin, rakennettiin uudelleen ja liitettiin uusi tila ravintolaan. N\u00e4in saatiin lis\u00e4\u00e4 modernia tilaa, uusi tekniikka sek\u00e4 k\u00e4yt\u00e4nn\u00f6llisyytt\u00e4. Perinteit\u00e4 toki kunnioitettiin ja vaalittiin remontissa &#8211; uudessa sisustuksessa s\u00e4ilytettiin seinien parrut alkuper\u00e4isill\u00e4 paikoillaan ja tutut, tukevat tuolitkin entis\u00f6itiin uusien rinnalle.<br \/>\nNyt on kaikki tiptop-kunnossa ja Rivierassa viihtyv\u00e4t niin asiakkaat, kuin ty\u00f6ntekij\u00e4tkin.<\/p>\n<p><!-- {\"name\":\"\",\"type\":\"layout\",\"children\":[{\"name\":\"Intro\",\"type\":\"section\",\"props\":{\"width\":\"default\",\"padding\":\"large\",\"style\":\"default\",\"image_size\":\"\",\"image_position\":\"center-right\",\"padding_remove_top\":false,\"header_transparent\":\"\",\"animation\":\"fade\",\"image\":\"\",\"image_visibility\":\"m\",\"vertical_align\":\"middle\",\"title_position\":\"top-left\",\"title_rotation\":\"left\",\"title_breakpoint\":\"xl\"},\"children\":[{\"name\":\"\",\"type\":\"row\",\"props\":{\"fixed_width\":\"large\",\"breakpoint\":\"m\",\"layout\":\"1-1\",\"margin\":\"xlarge\"},\"children\":[{\"name\":\"\",\"type\":\"column\",\"props\":{\"widths\":[\"1-1\"],\"image_position\":\"center-center\"},\"children\":[{\"name\":\"\",\"type\":\"headline\",\"props\":{\"title_element\":\"h2\",\"content\":\"Tarinamme\",\"title_style\":\"h6\",\"text_align\":\"center\"}},{\"name\":\"\",\"type\":\"headline\",\"props\":{\"title_element\":\"h1\",\"content\":\"Tervetuloa Pizzeria Rivieraan!\",\"title_style\":\"\",\"text_align\":\"center\",\"maxwidth\":\"xxlarge\",\"maxwidth_align\":\"center\",\"margin\":\"large\",\"margin_remove_bottom\":true}},{\"name\":\"\",\"type\":\"divider\",\"props\":{\"divider_element\":\"div\",\"divider_style\":\"small\",\"divider_align\":\"center\",\"margin\":\"medium\"}}]}]}]},{\"name\":\"Historia\",\"type\":\"section\",\"props\":{\"width\":\"default\",\"padding\":\"large\",\"style\":\"default\",\"image_size\":\"\",\"image_position\":\"top-right\",\"padding_remove_top\":true,\"header_transparent\":\"\",\"animation\":\"fade\",\"image\":\"\",\"image_fixed\":false,\"vertical_align\":\"middle\",\"title_position\":\"top-left\",\"title_rotation\":\"left\",\"title_breakpoint\":\"xl\"},\"children\":[{\"name\":\"\",\"type\":\"row\",\"props\":{\"fixed_width\":\"large\",\"breakpoint\":\"s\",\"layout\":\",\",\"gutter\":\"\",\"margin\":\"\",\"divider\":false,\"order_last\":false},\"children\":[{\"name\":\"\",\"type\":\"column\",\"props\":{\"image_position\":\"center-center\",\"widths\":[\"\"]},\"children\":[{\"name\":\"\",\"type\":\"headline\",\"props\":{\"title_element\":\"h3\",\"content\":\"1980-luvulta j\\u00e4i paljon hyv\\u00e4\\u00e4\",\"margin\":\"default\",\"margin_remove_bottom\":false}},{\"name\":\"\",\"type\":\"text\",\"props\":{\"column_breakpoint\":\"m\",\"margin\":\"medium\",\"content\":\"\n\n<p>Pizzeria Rivierassa Hallikadulla, Keskuspuiston laidalla paistuivat ensimm\\u00e4iset pizzat italialaisen Pepen reseptien mukaan 5.6.1980.\\u00a0Tuohon aikaan pizzerioita oli koko maassa vain muutamia, ja Raumalaisten onneksi Pepe perheineen p\\u00e4\\u00e4tyi Vaasan ja Jyv\\u00e4skyl\\u00e4n kautta l\\u00e4nsirannikolle ostamaan tovin Maggiore nimell\\u00e4 toimineen ravintolan. Nimi vaihtui Rivieraksi ja Pepen herkulliset pizzat ja italialainen temperamentti valloittivat Raumalaiset v\\u00e4litt\\u00f6m\\u00e4sti!<\\\/p>\\n\n\n<p>Kev\\u00e4\\u00e4ll\\u00e4 1998 Pepe p\\u00e4\\u00e4tti myyd\\u00e4 jo maankuulun Rivieran. Siit\\u00e4 l\\u00e4htien Rivieran menestyksest\\u00e4 on vastannut Katia loistavan henkil\\u00f6kuntansa kanssa. Vuosien varrella perheen kaksi lasta ja aviomies ovat my\\u00f6s toimineet mukana yrityksess\\u00e4. Kovalla ty\\u00f6ll\\u00e4, huolella alkuper\\u00e4isi\\u00e4 reseptej\\u00e4 vaalien on Rivieran maine kasvanut vuosien varrella entisest\\u00e4\\u00e4n. Monen mielest\\u00e4 Rivieran pizzan veroista ei muualta saa!<\\\/p>\",\"dropcap\":true}},{\"name\":\"\",\"type\":\"panel\",\"props\":{\"link_text\":\"Read more\",\"title_element\":\"h3\",\"meta_style\":\"meta\",\"meta_align\":\"bottom\",\"icon_ratio\":4,\"image_align\":\"top\",\"image_grid_width\":\"1-2\",\"image_breakpoint\":\"m\",\"link_style\":\"default\",\"margin\":\"medium\",\"image\":\"wp-content\\\/uploads\\\/val7.jpg\",\"content\":\"\",\"title\":\"\",\"meta\":\"Pizzapohjamme resepti on t\\u00e4sm\\u00e4lleen sama kuin vuonna 1980\",\"image_width\":\"610\",\"image_height\":\"380\"}},{\"name\":\"\",\"type\":\"headline\",\"props\":{\"title_element\":\"h3\",\"content\":\"Alkuper\\u00e4isi\\u00e4 reseptej\\u00e4\",\"margin\":\"medium\",\"margin_remove_bottom\":false}},{\"name\":\"\",\"type\":\"text\",\"props\":{\"column_breakpoint\":\"m\",\"margin\":\"default\",\"content\":\"\n\n<p>Rivieraan tullaan p\\u00e4\\u00e4asiassa pizzalle, ja valikoima onkin vuosien varrella kasvanut melkoiseksi. Uusia pizzoja kehitell\\u00e4\\u00e4n, trendej\\u00e4 seurataan ja otetaan harkiten listalle. Vegaanitkin saavat herkutella Rivieran pizzalla. T\\u00e4rkeint\\u00e4 on kuitenkin vaalia alkuper\\u00e4isi\\u00e4 reseptej\\u00e4 ja s\\u00e4ilytt\\u00e4\\u00e4 esimerkiksi kaikkien aikojen suosituimman Bussola-pizzan maku juuri sellaisena, kuin lukuisat kanta-asiakkaat yli nelj\\u00e4nkymmenen vuoden takaa muistavat.<\\\/p>\\n\n\n<p>My\\u00f6s monien himoitsema kirpe\\u00e4, ruokahalun her\\u00e4tt\\u00e4v\\u00e4 alkusalaatti tehd\\u00e4\\u00e4n huolella alkuper\\u00e4isell\\u00e4 reseptill\\u00e4, mik\\u00e4 onkin itse leivotun pizzataikinan ohella tarkoin varjeltu salaisuus.<\\\/p>\"}}]},{\"name\":\"\",\"type\":\"column\",\"props\":{\"image_position\":\"center-center\",\"widths\":[\"\"]},\"children\":[{\"name\":\"\",\"type\":\"panel\",\"props\":{\"link_text\":\"Read more\",\"title_element\":\"h3\",\"meta_style\":\"meta\",\"meta_align\":\"bottom\",\"icon_ratio\":4,\"image_align\":\"top\",\"image_grid_width\":\"1-2\",\"image_breakpoint\":\"m\",\"link_style\":\"default\",\"margin\":\"large\",\"image\":\"wp-content\\\/uploads\\\/1980_1.jpg\",\"content\":\"\",\"title\":\"\",\"meta\":\"Rivieran perustaja Pepe poseeraa ylpeytens\\u00e4 edustalla\",\"margin_remove_bottom\":true,\"image_width\":\"610\",\"image_height\":\"380\"}},{\"name\":\"\",\"type\":\"headline\",\"props\":{\"title_element\":\"h3\",\"content\":\"Perusteellinen remontti\",\"margin\":\"medium\",\"margin_remove_bottom\":false}},{\"name\":\"\",\"type\":\"text\",\"props\":{\"column_breakpoint\":\"m\",\"margin\":\"default\",\"content\":\"\n\n<p>Riviera on toiminut samoissa tiloissa koko historiansa ajan. Syksyll\\u00e4 2014 tehtiin taloyhti\\u00f6n remontin yhteydess\\u00e4 perusteellinen remontti. Kaikki sis\\u00e4sein\\u00e4t purettiin, rakennettiin uudelleen ja liitettiin uusi tila ravintolaan. N\\u00e4in saatiin lis\\u00e4\\u00e4 modernia tilaa, uusi tekniikka sek\\u00e4 k\\u00e4yt\\u00e4nn\\u00f6llisyytt\\u00e4. Perinteit\\u00e4 toki kunnioitettiin ja vaalittiin remontissa - uudessa sisustuksessa s\\u00e4ilytettiin seinien parrut alkuper\\u00e4isill\\u00e4 paikoillaan ja tutut, tukevat tuolitkin entis\\u00f6itiin uusien rinnalle.<\\\/p>\\n\n\n<p>Nyt on kaikki tiptop-kunnossa ja Rivierassa viihtyv\\u00e4t niin asiakkaat, kuin ty\\u00f6ntekij\\u00e4tkin.<\\\/p>\"}},{\"name\":\"\",\"type\":\"panel\",\"props\":{\"link_text\":\"Read more\",\"title_element\":\"h3\",\"meta_style\":\"meta\",\"meta_align\":\"bottom\",\"icon_ratio\":4,\"image_align\":\"top\",\"image_grid_width\":\"1-2\",\"image_breakpoint\":\"m\",\"link_style\":\"default\",\"margin\":\"large\",\"image\":\"wp-content\\\/uploads\\\/val8.jpg\",\"content\":\"\",\"title\":\"\",\"meta\":\"\",\"image_width\":\"610\",\"image_height\":\"814\"}}]}]}]}]} --><\/p>\n","protected":false},"excerpt":{"rendered":"<p>Tarinamme Tervetuloa Pizzeria Rivieraan! 1980-luvulta j\u00e4i paljon hyv\u00e4\u00e4 Pizzeria Rivierassa Hallikadulla, Keskuspuiston laidalla paistuivat ensimm\u00e4iset pizzat italialaisen Pepen reseptien mukaan 5.6.1980.\u00a0Tuohon aikaan pizzerioita oli koko maassa vain muutamia, ja Raumalaisten onneksi Pepe perheineen p\u00e4\u00e4tyi Vaasan ja Jyv\u00e4skyl\u00e4n kautta l\u00e4nsirannikolle ostamaan tovin Maggiore nimell\u00e4 toimineen ravintolan. Nimi vaihtui Rivieraksi ja Pepen herkulliset pizzat ja italialainen temperamentti [&hellip;]<\/p>\n","protected":false},"author":1,"featured_media":0,"parent":0,"menu_order":0,"comment_status":"closed","ping_status":"closed","template":"","meta":{"footnotes":""},"class_list":["post-244","page","type-page","status-publish","hentry"],"_links":{"self":[{"href":"https:\/\/www.riviera.fi\/index.php?rest_route=\/wp\/v2\/pages\/244","targetHints":{"allow":["GET"]}}],"collection":[{"href":"https:\/\/www.riviera.fi\/index.php?rest_route=\/wp\/v2\/pages"}],"about":[{"href":"https:\/\/www.riviera.fi\/index.php?rest_route=\/wp\/v2\/types\/page"}],"author":[{"embeddable":true,"href":"https:\/\/www.riviera.fi\/index.php?rest_route=\/wp\/v2\/users\/1"}],"replies":[{"embeddable":true,"href":"https:\/\/www.riviera.fi\/index.php?rest_route=%2Fwp%2Fv2%2Fcomments&post=244"}],"version-history":[{"count":18,"href":"https:\/\/www.riviera.fi\/index.php?rest_route=\/wp\/v2\/pages\/244\/revisions"}],"predecessor-version":[{"id":556,"href":"https:\/\/www.riviera.fi\/index.php?rest_route=\/wp\/v2\/pages\/244\/revisions\/556"}],"wp:attachment":[{"href":"https:\/\/www.riviera.fi\/index.php?rest_route=%2Fwp%2Fv2%2Fmedia&parent=244"}],"curies":[{"name":"wp","href":"https:\/\/api.w.org\/{rel}","templated":true}]}}